{"id":6,"date":"2017-01-30T03:39:17","date_gmt":"2017-01-30T03:39:17","guid":{"rendered":"https:\/\/demo.themegrill.com\/flash-construction-2\/?page_id=6"},"modified":"2021-03-16T13:58:28","modified_gmt":"2021-03-16T13:58:28","slug":"home","status":"publish","type":"page","link":"https:\/\/www.jsclimatizacion.cl\/","title":{"rendered":"Inicio"},"content":{"rendered":"<div id=\"pl-6\"  class=\"panel-layout\" ><div id=\"pg-6-0\"  class=\"panel-grid panel-has-style\" ><div class=\"siteorigin-panels-stretch panel-row-style panel-row-style-for-6-0\" data-stretch-type=\"full-stretched\" ><div id=\"pgc-6-0-0\"  class=\"panel-grid-cell\" ><div id=\"panel-6-0-0-0\" class=\"so-panel widget widget_themegrill_flash_slider tg-section tg-slider-widget panel-first-child panel-last-child\" data-index=\"0\" ><div class=\"tg-slider-widget slider-light slider-content-left slider-control-center full-width\">\n\t<div class=\"swiper-container\">\n\t\t<div class=\"swiper-wrapper\">\n\t\t\t\n\t\t\t\t\t<div class=\"swiper-slide\">\n\t\t\t\t\t\t<figure class=\"slider-image\" >\n\t\t\t\t\t\t\t<img width=\"1419\" height=\"624\"\t\t\t\t\t\t\t\t\tsrc=\"https:\/\/www.jsclimatizacion.cl\/wp-content\/uploads\/2021\/03\/FINAL-FINAL-.png\"\n\t\t\t\t\t\t\t\t\talt=\"BIENVENIDOS\"\n\t\t\t\t\t\t\t\t\ttitle=\"BIENVENIDOS\"\/>\n\t\t\t\t\t\t\t<div class=\"overlay\"><\/div>\n\t\t\t\t\t\t<\/figure>\n\t\t\t\t\t\t<div class=\"slider-content\">\n\t\t\t\t\t\t\t<div class=\"tg-container\">\n\t\t\t\t\t\t\t\t<div class=\"caption-title\">BIENVENIDOS<\/div>\n\t\t\t\t\t\t\t\t<div class=\"caption-desc\"><\/div>\n\t\t\t\t\t\t\t\t\t\t\t\t\t\t\t\t\t<div class=\"btn-wrapper\">\n\t\t\t\t\t\t\t\t\t\t<a href=\"https:\/\/themegrilldemos.com\/flash-construction-v2\/projects\/\">Featured Projects<\/a>\n\t\t\t\t\t\t\t\t\t<\/div>\n\t\t\t\t\t\t\t\t\t\t\t\t\t\t\t<\/div>\n\t\t\t\t\t\t<\/div>\n\t\t\t\t\t<\/div>\n\n\t\t\t\t\n\t\t\t\t\t<div class=\"swiper-slide\">\n\t\t\t\t\t\t<figure class=\"slider-image\" >\n\t\t\t\t\t\t\t<img width=\"1257\" height=\"369\"\t\t\t\t\t\t\t\t\tsrc=\"https:\/\/www.jsclimatizacion.cl\/wp-content\/uploads\/2021\/03\/FINAL-FINAL-FINAL-.png\"\n\t\t\t\t\t\t\t\t\talt=\"INSTALACION \"\n\t\t\t\t\t\t\t\t\ttitle=\"INSTALACION \"\/>\n\t\t\t\t\t\t\t<div class=\"overlay\"><\/div>\n\t\t\t\t\t\t<\/figure>\n\t\t\t\t\t\t<div class=\"slider-content\">\n\t\t\t\t\t\t\t<div class=\"tg-container\">\n\t\t\t\t\t\t\t\t<div class=\"caption-title\">INSTALACION <\/div>\n\t\t\t\t\t\t\t\t<div class=\"caption-desc\">Escapa tanto del frio o del calor junto a tu equipo de aire deseado <\/div>\n\t\t\t\t\t\t\t\t\t\t\t\t\t\t\t\t\t<div class=\"btn-wrapper\">\n\t\t\t\t\t\t\t\t\t\t<a href=\"https:\/\/themegrilldemos.com\/flash-construction-v2\/services\/\">Services<\/a>\n\t\t\t\t\t\t\t\t\t<\/div>\n\t\t\t\t\t\t\t\t\t\t\t\t\t\t\t<\/div>\n\t\t\t\t\t\t<\/div>\n\t\t\t\t\t<\/div>\n\n\t\t\t\t\n\t\t\t\t\t<div class=\"swiper-slide\">\n\t\t\t\t\t\t<figure class=\"slider-image\" >\n\t\t\t\t\t\t\t<img width=\"1504\" height=\"441\"\t\t\t\t\t\t\t\t\tsrc=\"https:\/\/www.jsclimatizacion.cl\/wp-content\/uploads\/2021\/03\/FINAL-FINAL-FINAL-FINAL-.png\"\n\t\t\t\t\t\t\t\t\talt=\"MANTENCION \"\n\t\t\t\t\t\t\t\t\ttitle=\"MANTENCION \"\/>\n\t\t\t\t\t\t\t<div class=\"overlay\"><\/div>\n\t\t\t\t\t\t<\/figure>\n\t\t\t\t\t\t<div class=\"slider-content\">\n\t\t\t\t\t\t\t<div class=\"tg-container\">\n\t\t\t\t\t\t\t\t<div class=\"caption-title\">MANTENCION <\/div>\n\t\t\t\t\t\t\t\t<div class=\"caption-desc\">Mant\u00e9n a tu equipo, en optimas condiciones.<\/div>\n\t\t\t\t\t\t\t\t\t\t\t\t\t\t\t\t\t<div class=\"btn-wrapper\">\n\t\t\t\t\t\t\t\t\t\t<a href=\"http:\/\/Button%20Link\">Button Text<\/a>\n\t\t\t\t\t\t\t\t\t<\/div>\n\t\t\t\t\t\t\t\t\t\t\t\t\t\t\t<\/div>\n\t\t\t\t\t\t<\/div>\n\t\t\t\t\t<\/div>\n\n\t\t\t\t\t\t<\/div>\n\t\t<div class=\"swiper-pagination\"><\/div>\n\t\t<div class=\"slider-arrow\">\n\t\t\t<div class=\"swiper-button-next\"><\/div>\n\t\t\t<div class=\"swiper-button-prev\"><\/div>\n\t\t<\/div>\n\t<\/div>\n<\/div>\n<\/div><\/div><\/div><\/div><div id=\"pg-6-1\"  class=\"panel-grid panel-has-style\" ><div class=\"siteorigin-panels-stretch panel-row-style panel-row-style-for-6-1\" data-stretch-type=\"full\" ><div id=\"pgc-6-1-0\"  class=\"panel-grid-cell\" ><div id=\"panel-6-1-0-0\" class=\"so-panel widget widget_themegrill_flash_cta tg-widget call-to-action-section panel-first-child panel-last-child\" data-index=\"1\" ><div class=\"panel-widget-style panel-widget-style-for-6-1-0-0\" ><div class=\"cta-wrapper call-to-action-section-layout-2\">\n\t<div class=\"section-title-wrapper\">\n\t\t\t\t<h3 class=\"section-title\">CONTACTA CON NOSOTROS<\/h3>\n\t\t\t<\/div>\n\t\t<div class=\"btn-wrapper\">\n\t\t\t\t\t\t<a class=\"btn\" href=\"\">AQUI<\/a>\n\t\t\t<\/div>\n\t<\/div>\n<\/div><\/div><\/div><\/div><\/div><div id=\"pg-6-2\"  class=\"panel-grid panel-has-style\" ><div class=\"siteorigin-panels-stretch panel-row-style panel-row-style-for-6-2\" data-stretch-type=\"full\" ><div id=\"pgc-6-2-0\"  class=\"panel-grid-cell\" ><div id=\"panel-6-2-0-0\" class=\"so-panel widget widget_themegrill_flash_service tg-widget tg-single-service panel-first-child panel-last-child\" data-index=\"2\" ><div class=\"flash_inherit_color panel-widget-style panel-widget-style-for-6-2-0-0\" >\n<div class=\"tg-service-widget tg-service-layout-1\">\n\t<div class=\"service-wrapper\">\n\t\t<div class=\"service-icon-title-wrapper clearfix\">\n\t\t\t\t\t\t\t\t\t<figure class=\"service-image-wrap\"><img decoding=\"async\" src=\"https:\/\/www.jsclimatizacion.cl\/wp-content\/uploads\/2021\/03\/NANANANA.png\" \/><\/figure>\n\t\t\t\t\t\t\t\t\t<h3 class=\"service-title-wrap\">\n\t\t\t\tEnfriadores de agua\t\t\t\t\t\t\t<\/h3>\n\t\t\t\t\t<\/div>\n\t\t\t\t<div class=\"service-content-wrap\">Equipo de enfriamiento, Chillers Daikin  Santiago de Chile <\/div>\n\t\t\t\t\t<\/div>\n<\/div>\n<\/div><\/div><\/div><div id=\"pgc-6-2-1\"  class=\"panel-grid-cell\" ><div id=\"panel-6-2-1-0\" class=\"so-panel widget widget_themegrill_flash_service tg-widget tg-single-service panel-first-child panel-last-child\" data-index=\"3\" ><div class=\"flash_inherit_color panel-widget-style panel-widget-style-for-6-2-1-0\" >\n<div class=\"tg-service-widget tg-service-layout-1\">\n\t<div class=\"service-wrapper\">\n\t\t<div class=\"service-icon-title-wrapper clearfix\">\n\t\t\t\t\t\t\t\t\t<figure class=\"service-image-wrap\"><img decoding=\"async\" src=\"https:\/\/www.jsclimatizacion.cl\/wp-content\/uploads\/2021\/03\/NANA.png\" \/><\/figure>\n\t\t\t\t\t\t\t\t\t<h3 class=\"service-title-wrap\">\n\t\t\t\tinstalaci\u00f3n\t\t\t\t\t\t\t<\/h3>\n\t\t\t\t\t<\/div>\n\t\t\t\t<div class=\"service-content-wrap\">Manejadora de aire CC3 Americana <\/div>\n\t\t\t\t\t<\/div>\n<\/div>\n<\/div><\/div><\/div><div id=\"pgc-6-2-2\"  class=\"panel-grid-cell\" ><div id=\"panel-6-2-2-0\" class=\"so-panel widget widget_themegrill_flash_service tg-widget tg-single-service panel-first-child panel-last-child\" data-index=\"4\" ><div class=\"flash_inherit_color panel-widget-style panel-widget-style-for-6-2-2-0\" >\n<div class=\"tg-service-widget tg-service-layout-1\">\n\t<div class=\"service-wrapper\">\n\t\t<div class=\"service-icon-title-wrapper clearfix\">\n\t\t\t\t\t\t\t\t\t<figure class=\"service-image-wrap\"><img decoding=\"async\" src=\"https:\/\/www.jsclimatizacion.cl\/wp-content\/uploads\/2021\/03\/Mesa-de-trabajo-2.png\" \/><\/figure>\n\t\t\t\t\t\t\t\t\t<h3 class=\"service-title-wrap\">\n\t\t\t\tMontaje e instalaci\u00f3n\t\t\t\t\t\t\t<\/h3>\n\t\t\t\t\t<\/div>\n\t\t\t\t<div class=\"service-content-wrap\">Montaje de ca\u00f1er\u00edas y forro metalico del Manejadora de aire CC3 Americana<\/div>\n\t\t\t\t\t<\/div>\n<\/div>\n<\/div><\/div><\/div><\/div><\/div><div id=\"pg-6-3\"  class=\"panel-grid panel-has-style\" ><div class=\"siteorigin-panels-stretch panel-row-style panel-row-style-for-6-3\" data-stretch-type=\"full\" ><div id=\"pgc-6-3-0\"  class=\"panel-grid-cell\" ><div id=\"panel-6-3-0-0\" class=\"so-panel widget widget_text panel-first-child panel-last-child\" data-index=\"5\" ><div class=\"flash_inherit_color panel-widget-style panel-widget-style-for-6-3-0-0\" >\t\t\t<div class=\"textwidget\"><h2>Por qu\u00e9 JS Ingenier\u00eda SPA?<\/h2>\n<p><\/p><\/div>\n\t\t<\/div><\/div><\/div><div id=\"pgc-6-3-1\"  class=\"panel-grid-cell\" ><div id=\"panel-6-3-1-0\" class=\"so-panel widget widget_themegrill_flash_counter tg-widget tg-single-counter panel-first-child panel-last-child\" data-index=\"6\" ><div class=\"flash_inherit_color panel-widget-style panel-widget-style-for-6-3-1-0\" ><div class=\"fun-facts-section\">\n\t<div class=\"tg-fun-facts-widget tg-fun-facts-layout-2\">\n\t\t<div class=\"fun-facts-wrapper\">\n\t\t\t\t\t\t\t\t\t<span class=\"counter-wrapper\"><span class=\"counter\">468<\/span><i class=\"fa fa-plus\"><\/i><\/span>\n\t\t\t\t\t\t\t\t\t<h3 class=\"fun-facts-title-wrap\">Project Completed<\/h3>\n\t\t\t\t\t<\/div>\n\t<\/div>\n<\/div>\n<\/div><\/div><\/div><div id=\"pgc-6-3-2\"  class=\"panel-grid-cell\" ><div id=\"panel-6-3-2-0\" class=\"so-panel widget widget_themegrill_flash_counter tg-widget tg-single-counter panel-first-child panel-last-child\" data-index=\"7\" ><div class=\"flash_inherit_color panel-widget-style panel-widget-style-for-6-3-2-0\" ><div class=\"fun-facts-section\">\n\t<div class=\"tg-fun-facts-widget tg-fun-facts-layout-2\">\n\t\t<div class=\"fun-facts-wrapper\">\n\t\t\t\t\t\t\t\t\t<span class=\"counter-wrapper\"><span class=\"counter\">468<\/span><i class=\"fa fa-plus\"><\/i><\/span>\n\t\t\t\t\t\t\t\t\t<h3 class=\"fun-facts-title-wrap\">Project Completed<\/h3>\n\t\t\t\t\t<\/div>\n\t<\/div>\n<\/div>\n<\/div><\/div><\/div><div id=\"pgc-6-3-3\"  class=\"panel-grid-cell\" ><div id=\"panel-6-3-3-0\" class=\"so-panel widget widget_themegrill_flash_counter tg-widget tg-single-counter panel-first-child panel-last-child\" data-index=\"8\" ><div class=\"flash_inherit_color panel-widget-style panel-widget-style-for-6-3-3-0\" ><div class=\"fun-facts-section\">\n\t<div class=\"tg-fun-facts-widget tg-fun-facts-layout-2\">\n\t\t<div class=\"fun-facts-wrapper\">\n\t\t\t\t\t\t\t\t\t<span class=\"counter-wrapper\"><span class=\"counter\">7809<\/span><i class=\"fa fa-plus\"><\/i><\/span>\n\t\t\t\t\t\t\t\t\t<h3 class=\"fun-facts-title-wrap\">Hours Of Work<\/h3>\n\t\t\t\t\t<\/div>\n\t<\/div>\n<\/div>\n<\/div><\/div><\/div><\/div><\/div><div id=\"pg-6-4\"  class=\"panel-grid panel-has-style\" ><div class=\"siteorigin-panels-stretch panel-row-style panel-row-style-for-6-4\" data-stretch-type=\"full-stretched\" ><div id=\"pgc-6-4-0\"  class=\"panel-grid-cell\" ><div id=\"panel-6-4-0-0\" class=\"so-panel widget widget_themegrill_flash_heading tg-widget section-title-wrapper panel-first-child\" data-index=\"9\" ><div class=\"flash_inherit_color panel-widget-style panel-widget-style-for-6-4-0-0\" >\t<h3 class=\"section-title\">Nuestros Proyectos<\/h3>\n<\/div><\/div><div id=\"panel-6-4-0-1\" class=\"so-panel widget widget_themegrill_flash_portfolio tg-section feature-product-section panel-last-child\" data-index=\"10\" ><div class=\"tg-feature-product-layout-2 tg-feature-product-filter-layout\"><div class=\"tg-container\"><div class=\"grid\"><div class=\"tg-column-wrapper\"><div class=\"tg-feature-product-widget element-item uxdesign tg-column-4 construction-projects \" data-category=\"construction-projects \"><figure><img loading=\"lazy\" decoding=\"async\" width=\"800\" height=\"800\" src=\"https:\/\/www.jsclimatizacion.cl\/wp-content\/uploads\/2017\/02\/1.png\" class=\"attachment-full size-full wp-post-image\" alt=\"\" srcset=\"https:\/\/www.jsclimatizacion.cl\/wp-content\/uploads\/2017\/02\/1.png 800w, https:\/\/www.jsclimatizacion.cl\/wp-content\/uploads\/2017\/02\/1-300x300.png 300w, https:\/\/www.jsclimatizacion.cl\/wp-content\/uploads\/2017\/02\/1-150x150.png 150w, https:\/\/www.jsclimatizacion.cl\/wp-content\/uploads\/2017\/02\/1-768x768.png 768w\" sizes=\"auto, (max-width: 800px) 100vw, 800px\" \/><\/figure><div class=\"featured-image-desc\"><span><a href=\"https:\/\/www.jsclimatizacion.cl\/?portfolio=corporate-building\"><i class=\"fa fa-plus\"><\/i><\/a><\/span><div class=\"feature-inner-block\"><h3 class=\"feature-title-wrap\"><a href=\"https:\/\/www.jsclimatizacion.cl\/?portfolio=corporate-building\">Instalaci\u00f3n<\/a><\/h3><h4 class=\"feature-desc-wrap\">Instalaci\u00f3n de equipos y de tuberias<\/h4><\/div><\/div><\/div><div class=\"tg-feature-product-widget element-item uxdesign tg-column-4 construction-projects \" data-category=\"construction-projects \"><figure><img loading=\"lazy\" decoding=\"async\" width=\"800\" height=\"800\" src=\"https:\/\/www.jsclimatizacion.cl\/wp-content\/uploads\/2017\/02\/3.png\" class=\"attachment-full size-full wp-post-image\" alt=\"\" srcset=\"https:\/\/www.jsclimatizacion.cl\/wp-content\/uploads\/2017\/02\/3.png 800w, https:\/\/www.jsclimatizacion.cl\/wp-content\/uploads\/2017\/02\/3-300x300.png 300w, https:\/\/www.jsclimatizacion.cl\/wp-content\/uploads\/2017\/02\/3-150x150.png 150w, https:\/\/www.jsclimatizacion.cl\/wp-content\/uploads\/2017\/02\/3-768x768.png 768w\" sizes=\"auto, (max-width: 800px) 100vw, 800px\" \/><\/figure><div class=\"featured-image-desc\"><span><a href=\"https:\/\/www.jsclimatizacion.cl\/?portfolio=home-exterior-design\"><i class=\"fa fa-plus\"><\/i><\/a><\/span><div class=\"feature-inner-block\"><h3 class=\"feature-title-wrap\"><a href=\"https:\/\/www.jsclimatizacion.cl\/?portfolio=home-exterior-design\">Instalaci\u00f3n de una torre de enfriamiento<\/a><\/h3><h4 class=\"feature-desc-wrap\">instalaci\u00f3n y mantenimiento de una torre de enfriamiento de agua.<\/h4><\/div><\/div><\/div><div class=\"tg-feature-product-widget element-item uxdesign tg-column-4 construction-projects \" data-category=\"construction-projects \"><figure><img loading=\"lazy\" decoding=\"async\" width=\"800\" height=\"800\" src=\"https:\/\/www.jsclimatizacion.cl\/wp-content\/uploads\/2017\/02\/7.png\" class=\"attachment-full size-full wp-post-image\" alt=\"\" srcset=\"https:\/\/www.jsclimatizacion.cl\/wp-content\/uploads\/2017\/02\/7.png 800w, https:\/\/www.jsclimatizacion.cl\/wp-content\/uploads\/2017\/02\/7-300x300.png 300w, https:\/\/www.jsclimatizacion.cl\/wp-content\/uploads\/2017\/02\/7-150x150.png 150w, https:\/\/www.jsclimatizacion.cl\/wp-content\/uploads\/2017\/02\/7-768x768.png 768w\" sizes=\"auto, (max-width: 800px) 100vw, 800px\" \/><\/figure><div class=\"featured-image-desc\"><span><a href=\"https:\/\/www.jsclimatizacion.cl\/?portfolio=home-design\"><i class=\"fa fa-plus\"><\/i><\/a><\/span><div class=\"feature-inner-block\"><h3 class=\"feature-title-wrap\"><a href=\"https:\/\/www.jsclimatizacion.cl\/?portfolio=home-design\">Instalaci\u00f3n de Manejadora de aire<\/a><\/h3><h4 class=\"feature-desc-wrap\">Manejadora de aire CC3 Americana: es el aparato fundamental en el tratamiento del aire en las instalaciones de climatizaci\u00f3n\u00a0en cuanto [&hellip;]<\/h4><\/div><\/div><\/div><div class=\"tg-feature-product-widget element-item uxdesign tg-column-4 construction-projects \" data-category=\"construction-projects \"><figure><img loading=\"lazy\" decoding=\"async\" width=\"800\" height=\"800\" src=\"https:\/\/www.jsclimatizacion.cl\/wp-content\/uploads\/2017\/02\/8png.png\" class=\"attachment-full size-full wp-post-image\" alt=\"\" srcset=\"https:\/\/www.jsclimatizacion.cl\/wp-content\/uploads\/2017\/02\/8png.png 800w, https:\/\/www.jsclimatizacion.cl\/wp-content\/uploads\/2017\/02\/8png-300x300.png 300w, https:\/\/www.jsclimatizacion.cl\/wp-content\/uploads\/2017\/02\/8png-150x150.png 150w, https:\/\/www.jsclimatizacion.cl\/wp-content\/uploads\/2017\/02\/8png-768x768.png 768w\" sizes=\"auto, (max-width: 800px) 100vw, 800px\" \/><\/figure><div class=\"featured-image-desc\"><span><a href=\"https:\/\/www.jsclimatizacion.cl\/?portfolio=university-building\"><i class=\"fa fa-plus\"><\/i><\/a><\/span><div class=\"feature-inner-block\"><h3 class=\"feature-title-wrap\"><a href=\"https:\/\/www.jsclimatizacion.cl\/?portfolio=university-building\">Montaje<\/a><\/h3><h4 class=\"feature-desc-wrap\">Montaje, Torres de Enfriamiento Mutual de Seguridad.<\/h4><\/div><\/div><\/div><div class=\"tg-feature-product-widget element-item uxdesign tg-column-4 construction-projects \" data-category=\"construction-projects \"><figure><img loading=\"lazy\" decoding=\"async\" width=\"800\" height=\"800\" src=\"https:\/\/www.jsclimatizacion.cl\/wp-content\/uploads\/2017\/02\/4.png\" class=\"attachment-full size-full wp-post-image\" alt=\"\" srcset=\"https:\/\/www.jsclimatizacion.cl\/wp-content\/uploads\/2017\/02\/4.png 800w, https:\/\/www.jsclimatizacion.cl\/wp-content\/uploads\/2017\/02\/4-300x300.png 300w, https:\/\/www.jsclimatizacion.cl\/wp-content\/uploads\/2017\/02\/4-150x150.png 150w, https:\/\/www.jsclimatizacion.cl\/wp-content\/uploads\/2017\/02\/4-768x768.png 768w\" sizes=\"auto, (max-width: 800px) 100vw, 800px\" \/><\/figure><div class=\"featured-image-desc\"><span><a href=\"https:\/\/www.jsclimatizacion.cl\/?portfolio=bridge-construction\"><i class=\"fa fa-plus\"><\/i><\/a><\/span><div class=\"feature-inner-block\"><h3 class=\"feature-title-wrap\"><a href=\"https:\/\/www.jsclimatizacion.cl\/?portfolio=bridge-construction\">Montaje y forro<\/a><\/h3><h4 class=\"feature-desc-wrap\">Montaje de ca\u00f1er\u00edas y forro metalico<\/h4><\/div><\/div><\/div><div class=\"tg-feature-product-widget element-item uxdesign tg-column-4 construction-projects \" data-category=\"construction-projects \"><figure><img loading=\"lazy\" decoding=\"async\" width=\"800\" height=\"800\" src=\"https:\/\/www.jsclimatizacion.cl\/wp-content\/uploads\/2017\/02\/5.png\" class=\"attachment-full size-full wp-post-image\" alt=\"\" srcset=\"https:\/\/www.jsclimatizacion.cl\/wp-content\/uploads\/2017\/02\/5.png 800w, https:\/\/www.jsclimatizacion.cl\/wp-content\/uploads\/2017\/02\/5-300x300.png 300w, https:\/\/www.jsclimatizacion.cl\/wp-content\/uploads\/2017\/02\/5-150x150.png 150w, https:\/\/www.jsclimatizacion.cl\/wp-content\/uploads\/2017\/02\/5-768x768.png 768w\" sizes=\"auto, (max-width: 800px) 100vw, 800px\" \/><\/figure><div class=\"featured-image-desc\"><span><a href=\"https:\/\/www.jsclimatizacion.cl\/?portfolio=library-interior-design\"><i class=\"fa fa-plus\"><\/i><\/a><\/span><div class=\"feature-inner-block\"><h3 class=\"feature-title-wrap\"><a href=\"https:\/\/www.jsclimatizacion.cl\/?portfolio=library-interior-design\">Library Interior Design<\/a><\/h3><h4 class=\"feature-desc-wrap\">Duis autem vel eum iriure dolor in hendrerit in vulputate velit esse molestie consequat, vel illum dolore eu feugiat nulla [&hellip;]<\/h4><\/div><\/div><\/div><div class=\"tg-feature-product-widget element-item uxdesign tg-column-4 construction-projects \" data-category=\"construction-projects \"><figure><img loading=\"lazy\" decoding=\"async\" width=\"800\" height=\"800\" src=\"https:\/\/www.jsclimatizacion.cl\/wp-content\/uploads\/2017\/02\/9.png\" class=\"attachment-full size-full wp-post-image\" alt=\"\" srcset=\"https:\/\/www.jsclimatizacion.cl\/wp-content\/uploads\/2017\/02\/9.png 800w, https:\/\/www.jsclimatizacion.cl\/wp-content\/uploads\/2017\/02\/9-300x300.png 300w, https:\/\/www.jsclimatizacion.cl\/wp-content\/uploads\/2017\/02\/9-150x150.png 150w, https:\/\/www.jsclimatizacion.cl\/wp-content\/uploads\/2017\/02\/9-768x768.png 768w\" sizes=\"auto, (max-width: 800px) 100vw, 800px\" \/><\/figure><div class=\"featured-image-desc\"><span><a href=\"https:\/\/www.jsclimatizacion.cl\/?portfolio=power-plant-project\"><i class=\"fa fa-plus\"><\/i><\/a><\/span><div class=\"feature-inner-block\"><h3 class=\"feature-title-wrap\"><a href=\"https:\/\/www.jsclimatizacion.cl\/?portfolio=power-plant-project\">Power Plant Project<\/a><\/h3><h4 class=\"feature-desc-wrap\">Montaje, Equipos Vrv Toshiba, Gendarmeria.<\/h4><\/div><\/div><\/div><div class=\"tg-feature-product-widget element-item uxdesign tg-column-4 construction-projects \" data-category=\"construction-projects \"><figure><img loading=\"lazy\" decoding=\"async\" width=\"800\" height=\"800\" src=\"https:\/\/www.jsclimatizacion.cl\/wp-content\/uploads\/2017\/02\/2.png\" class=\"attachment-full size-full wp-post-image\" alt=\"\" srcset=\"https:\/\/www.jsclimatizacion.cl\/wp-content\/uploads\/2017\/02\/2.png 800w, https:\/\/www.jsclimatizacion.cl\/wp-content\/uploads\/2017\/02\/2-300x300.png 300w, https:\/\/www.jsclimatizacion.cl\/wp-content\/uploads\/2017\/02\/2-150x150.png 150w, https:\/\/www.jsclimatizacion.cl\/wp-content\/uploads\/2017\/02\/2-768x768.png 768w\" sizes=\"auto, (max-width: 800px) 100vw, 800px\" \/><\/figure><div class=\"featured-image-desc\"><span><a href=\"https:\/\/www.jsclimatizacion.cl\/?portfolio=railway-construction\"><i class=\"fa fa-plus\"><\/i><\/a><\/span><div class=\"feature-inner-block\"><h3 class=\"feature-title-wrap\"><a href=\"https:\/\/www.jsclimatizacion.cl\/?portfolio=railway-construction\">Instalaci\u00f3n  del equipo Chillers Daikin<\/a><\/h3><h4 class=\"feature-desc-wrap\">El Chillers Daikin es un refrigerador de l\u00edquido, que, como en un sistema de expansi\u00f3n directa, calienta o enfr\u00eda mediante [&hellip;]<\/h4><\/div><\/div><\/div><\/div><!-- \/.tg-column-wrapper--><\/div><!-- \/.grid --><\/div><!-- \/.tg-container --><\/div><!-- \/.layout div --><\/div><\/div><\/div><\/div><div id=\"pg-6-5\"  class=\"panel-grid panel-has-style\" ><div class=\"so-parallax siteorigin-panels-stretch panel-row-style panel-row-style-for-6-5\" data-stretch-type=\"full\" ><div id=\"pgc-6-5-0\"  class=\"panel-grid-cell\" ><div id=\"panel-6-5-0-0\" class=\"so-panel widget widget_text panel-first-child\" data-index=\"11\" ><div class=\"flash_inherit_color panel-widget-style panel-widget-style-for-6-5-0-0\" >\t\t\t<div class=\"textwidget\"><\/div>\n\t\t<\/div><\/div><div id=\"panel-6-5-0-1\" class=\"so-panel widget widget_themegrill_flash_cta tg-widget call-to-action-section panel-last-child\" data-index=\"12\" ><div class=\"panel-widget-style panel-widget-style-for-6-5-0-1\" ><div class=\"cta-wrapper call-to-action-section-layout-2\">\n\t<div class=\"section-title-wrapper\">\n\t\t\t\t<h3 class=\"section-title\">CONTACTA CON NOSOTROS<\/h3>\n\t\t\t<\/div>\n\t\t<div class=\"btn-wrapper\">\n\t\t\t\t\t\t<a class=\"btn\" href=\"\">AQUI<\/a>\n\t\t\t<\/div>\n\t<\/div>\n<\/div><\/div><\/div><\/div><\/div><\/div>","protected":false},"excerpt":{"rendered":"<p>Por qu\u00e9 JS Ingenier\u00eda SPA?<\/p>\n","protected":false},"author":1,"featured_media":0,"parent":0,"menu_order":0,"comment_status":"closed","ping_status":"closed","template":"page-templates\/pagebuilder.php","meta":{"footnotes":""},"class_list":["post-6","page","type-page","status-publish","hentry"],"_links":{"self":[{"href":"https:\/\/www.jsclimatizacion.cl\/index.php?rest_route=\/wp\/v2\/pages\/6","targetHints":{"allow":["GET"]}}],"collection":[{"href":"https:\/\/www.jsclimatizacion.cl\/index.php?rest_route=\/wp\/v2\/pages"}],"about":[{"href":"https:\/\/www.jsclimatizacion.cl\/index.php?rest_route=\/wp\/v2\/types\/page"}],"author":[{"embeddable":true,"href":"https:\/\/www.jsclimatizacion.cl\/index.php?rest_route=\/wp\/v2\/users\/1"}],"replies":[{"embeddable":true,"href":"https:\/\/www.jsclimatizacion.cl\/index.php?rest_route=%2Fwp%2Fv2%2Fcomments&post=6"}],"version-history":[{"count":17,"href":"https:\/\/www.jsclimatizacion.cl\/index.php?rest_route=\/wp\/v2\/pages\/6\/revisions"}],"predecessor-version":[{"id":271,"href":"https:\/\/www.jsclimatizacion.cl\/index.php?rest_route=\/wp\/v2\/pages\/6\/revisions\/271"}],"wp:attachment":[{"href":"https:\/\/www.jsclimatizacion.cl\/index.php?rest_route=%2Fwp%2Fv2%2Fmedia&parent=6"}],"curies":[{"name":"wp","href":"https:\/\/api.w.org\/{rel}","templated":true}]}}