{"id":18,"date":"2017-01-30T03:42:19","date_gmt":"2017-01-30T03:42:19","guid":{"rendered":"https:\/\/demo.themegrill.com\/flash-construction-2\/?page_id=18"},"modified":"2022-05-18T15:57:30","modified_gmt":"2022-05-18T15:57:30","slug":"contacto","status":"publish","type":"page","link":"https:\/\/www.jsclimatizacion.cl\/?page_id=18","title":{"rendered":"Contacto"},"content":{"rendered":"<div id=\"pl-18\"  class=\"panel-layout\" ><div id=\"pg-18-0\"  class=\"panel-grid panel-has-style\" ><div class=\"siteorigin-panels-stretch panel-row-style panel-row-style-for-18-0\" data-stretch-type=\"full\" ><div id=\"pgc-18-0-0\"  class=\"panel-grid-cell\" ><div id=\"panel-18-0-0-0\" class=\"so-panel widget widget_siteorigin-panels-builder panel-first-child panel-last-child\" data-index=\"0\" ><div id=\"pl-w6285176a6809a\"  class=\"panel-layout\" ><div id=\"pg-w6285176a6809a-0\"  class=\"panel-grid panel-no-style\" ><div id=\"pgc-w6285176a6809a-0-0\"  class=\"panel-grid-cell\" ><div id=\"panel-w6285176a6809a-0-0-0\" class=\"so-panel widget widget_themegrill_flash_heading tg-widget section-title-wrapper panel-first-child\" data-index=\"0\" >\t<h3 class=\"section-title\">Contacto<\/h3>\n<\/div><div id=\"panel-w6285176a6809a-0-0-1\" class=\"so-panel widget widget_text panel-last-child\" data-index=\"1\" >\t\t\t<div class=\"textwidget\"><p>Deseamos responder sus dudas,consultas o cualquier pregunta que tengan respecto a nuestros servios, ya sean de Mantenci\u00f3n, instalaci\u00f3n de equipos, cual sea su rubro o lugar donde lo requieran.<\/p>\n<p>Ya que nosotros creemos que si un ambiente de trabajo es grato para sus empleados tendr\u00e1 un mayor aumento de satisfacci\u00f3n logrando que as\u00ed sus trabajadores y clientes est\u00e9n a gusto.<\/p>\n<p>ante cualquier duda sobre que equipo de aire manejamos o cual seria el adecuado para su lugar de trabajo o hogar le invitamos a escribirnos y su mensaje ser\u00e1 respondido a la brevedad.<\/p>\n<p>&nbsp;<\/p>\n<\/div>\n\t\t<\/div><\/div><\/div><div id=\"pg-w6285176a6809a-1\"  class=\"panel-grid panel-no-style\" ><div id=\"pgc-w6285176a6809a-1-0\"  class=\"panel-grid-cell\" ><div id=\"panel-w6285176a6809a-1-0-0\" class=\"so-panel widget widget_text panel-first-child\" data-index=\"2\" ><div class=\"panel-widget-style panel-widget-style-for-w6285176a6809a-1-0-0\" ><h3 class=\"widget-title\">Horario de Atenci\u00f3n<\/h3>\t\t\t<div class=\"textwidget\"><span> abierto de Lunes a viernes de 09:00 hasta las 18:30<\/br> cerrado el fin de semana y d\u00edas festivos<\/span><\/div>\n\t\t<\/div><\/div><div id=\"panel-w6285176a6809a-1-0-1\" class=\"so-panel widget widget_text panel-last-child\" data-index=\"3\" ><h3 class=\"widget-title\">Contacto<\/h3>\t\t\t<div class=\"textwidget\"><span> Nueva York 53 oficina 61. Santiago Centro.<\/span><\/br>\n<span> +569 733 69684<\/span><\/br>\n<span> Jose.stuardo@jsclimatizacion.cl<\/span><\/br>\n<span> www.jsclimatizacion.cl\/<\/span>\n<span> instagram @js.ingenieria.spa <\/span>\n<span>Santiago Centro <\/span>\n<\/div>\n\t\t<\/div><\/div><div id=\"pgc-w6285176a6809a-1-1\"  class=\"panel-grid-cell panel-grid-cell-empty\" ><\/div><div id=\"pgc-w6285176a6809a-1-2\"  class=\"panel-grid-cell\" ><div id=\"panel-w6285176a6809a-1-2-0\" class=\"so-panel widget widget_text panel-first-child panel-last-child\" data-index=\"4\" >\t\t\t<div class=\"textwidget\"><p><img loading=\"lazy\" decoding=\"async\" class=\"alignnone size-medium wp-image-282\" src=\"https:\/\/www.jsclimatizacion.cl\/wp-content\/uploads\/2021\/03\/logo-portada-JS-Ingeneria-1-1-263x300.png\" alt=\"\" width=\"263\" height=\"300\" srcset=\"https:\/\/www.jsclimatizacion.cl\/wp-content\/uploads\/2021\/03\/logo-portada-JS-Ingeneria-1-1-263x300.png 263w, https:\/\/www.jsclimatizacion.cl\/wp-content\/uploads\/2021\/03\/logo-portada-JS-Ingeneria-1-1.png 475w\" sizes=\"auto, (max-width: 263px) 100vw, 263px\" \/><\/p>\n<\/div>\n\t\t<\/div><\/div><\/div><\/div><\/div><\/div><\/div><\/div><div id=\"pg-18-1\"  class=\"panel-grid panel-has-style\" ><div class=\"siteorigin-panels-stretch panel-row-style panel-row-style-for-18-1\" data-stretch-type=\"full\" ><div id=\"pgc-18-1-0\"  class=\"panel-grid-cell\" ><div id=\"panel-18-1-0-0\" class=\"so-panel widget widget_themegrill_flash_cta tg-widget call-to-action-section panel-first-child panel-last-child\" data-index=\"1\" ><div class=\"cta-wrapper call-to-action-section-layout-2\">\n\t<div class=\"section-title-wrapper\">\n\t\t\t\t<h3 class=\"section-title\">\u00bfQuiere saber acerca de los servicios que brindamos?<\/h3>\n\t\t\t<\/div>\n\t\t<div class=\"btn-wrapper\">\n\t\t\t\t<a class=\"btn\" href=\"https:\/\/www.jsclimatizacion.cl\/?page_id=136\">clic aqu\u00ed<\/a>\n\t\t\t\t\t<\/div>\n\t<\/div>\n<\/div><\/div><\/div><\/div><\/div>","protected":false},"excerpt":{"rendered":"<p>Contacto Deseamos responder sus dudas,consultas o cualquier pregunta que tengan respecto a nuestros servios, ya sean de Mantenci\u00f3n, instalaci\u00f3n de [&hellip;]<\/p>\n","protected":false},"author":1,"featured_media":0,"parent":0,"menu_order":0,"comment_status":"closed","ping_status":"closed","template":"page-templates\/pagebuilder.php","meta":{"footnotes":""},"class_list":["post-18","page","type-page","status-publish","hentry"],"_links":{"self":[{"href":"https:\/\/www.jsclimatizacion.cl\/index.php?rest_route=\/wp\/v2\/pages\/18","targetHints":{"allow":["GET"]}}],"collection":[{"href":"https:\/\/www.jsclimatizacion.cl\/index.php?rest_route=\/wp\/v2\/pages"}],"about":[{"href":"https:\/\/www.jsclimatizacion.cl\/index.php?rest_route=\/wp\/v2\/types\/page"}],"author":[{"embeddable":true,"href":"https:\/\/www.jsclimatizacion.cl\/index.php?rest_route=\/wp\/v2\/users\/1"}],"replies":[{"embeddable":true,"href":"https:\/\/www.jsclimatizacion.cl\/index.php?rest_route=%2Fwp%2Fv2%2Fcomments&post=18"}],"version-history":[{"count":18,"href":"https:\/\/www.jsclimatizacion.cl\/index.php?rest_route=\/wp\/v2\/pages\/18\/revisions"}],"predecessor-version":[{"id":290,"href":"https:\/\/www.jsclimatizacion.cl\/index.php?rest_route=\/wp\/v2\/pages\/18\/revisions\/290"}],"wp:attachment":[{"href":"https:\/\/www.jsclimatizacion.cl\/index.php?rest_route=%2Fwp%2Fv2%2Fmedia&parent=18"}],"curies":[{"name":"wp","href":"https:\/\/api.w.org\/{rel}","templated":true}]}}