{"id":136,"date":"2017-01-30T03:39:51","date_gmt":"2017-01-30T03:39:51","guid":{"rendered":"https:\/\/demo.themegrill.com\/flash-construction-2\/?page_id=10"},"modified":"2022-05-18T16:26:41","modified_gmt":"2022-05-18T16:26:41","slug":"services","status":"publish","type":"page","link":"https:\/\/www.jsclimatizacion.cl\/?page_id=136","title":{"rendered":"Servicios"},"content":{"rendered":"<div id=\"pl-136\"  class=\"panel-layout\" ><div id=\"pg-136-0\"  class=\"panel-grid panel-has-style\" ><div class=\"siteorigin-panels-stretch panel-row-style panel-row-style-for-136-0\" data-stretch-type=\"full\" ><div id=\"pgc-136-0-0\"  class=\"panel-grid-cell\" ><div id=\"panel-136-0-0-0\" class=\"so-panel widget widget_siteorigin-panels-builder panel-first-child panel-last-child\" data-index=\"0\" ><div id=\"pl-w62851db7ae2de\"  class=\"panel-layout\" ><div id=\"pg-w62851db7ae2de-0\"  class=\"panel-grid panel-no-style\" ><div id=\"pgc-w62851db7ae2de-0-0\"  class=\"panel-grid-cell\" ><div id=\"panel-w62851db7ae2de-0-0-0\" class=\"so-panel widget widget_themegrill_flash_heading tg-widget section-title-wrapper panel-first-child panel-last-child\" data-index=\"0\" >\t<h3 class=\"section-title\">NUESTROS SERVICIOS<\/h3>\n<\/div><\/div><\/div><div id=\"pg-w62851db7ae2de-1\"  class=\"panel-grid panel-has-style\" ><div class=\"panel-row-style panel-row-style-for-w62851db7ae2de-1\" ><div id=\"pgc-w62851db7ae2de-1-0\"  class=\"panel-grid-cell panel-grid-cell-mobile-last\" ><div id=\"panel-w62851db7ae2de-1-0-0\" class=\"so-panel widget widget_text panel-first-child\" data-index=\"1\" ><h3 class=\"widget-title\">INDUSTRIAL<\/h3>\t\t\t<div class=\"textwidget\"><p>En la via industrial tenemos la capacidad de traer todos los conocimientos que nos destacan en el mundo de la climatizaci\u00f3n comercial a tu hogar, asegurando experiencia y altos est\u00e1ndares a la hora de implementar un proyecto residencial.\n<\/p>\n<\/div>\n\t\t<\/div><div id=\"panel-w62851db7ae2de-1-0-1\" class=\"so-panel widget widget_text\" data-index=\"2\" ><h3 class=\"widget-title\">COMERCIAL<\/h3>\t\t\t<div class=\"textwidget\"><p>Toda empresa necesita un lugar de trabajo optimo para lograr que sus trabajadores est\u00e9n c\u00f3modos, con calidad de vida y sin lugar a dudas c\u00f3modos a la hora de producir, Para V\u00eda Austral las empresas son fundamentales, creemos que un buen proyecto de clima ayuda tanto en la productividad como en la calidad de vida profesional. Te invitamos a cotizar nuestros servicios y esperamos tu contacto en casa de cualquier duda..<\/p> \n\n<\/div>\n\t\t<\/div><div id=\"panel-w62851db7ae2de-1-0-2\" class=\"so-panel widget widget_text panel-last-child\" data-index=\"3\" ><h3 class=\"widget-title\">RESIDENCIAL<\/h3>\t\t\t<div class=\"textwidget\"><p>En js climatizaci\u00f3n tenemos la capacidad de traer todos los conocimientos que nos destacan en el mundo de la climatizaci\u00f3n comercial a tu hogar, asegurando experiencia y altos est\u00e1ndares a la hora de implementar un proyecto residencial.<\/p>\n<\/div>\n\t\t<\/div><\/div><div id=\"pgc-w62851db7ae2de-1-1\"  class=\"panel-grid-cell panel-grid-cell-empty\" ><\/div><\/div><\/div><div id=\"pg-w62851db7ae2de-2\"  class=\"panel-grid panel-has-style\" ><div class=\"panel-row-style panel-row-style-for-w62851db7ae2de-2\" ><div id=\"pgc-w62851db7ae2de-2-0\"  class=\"panel-grid-cell\" ><div id=\"panel-w62851db7ae2de-2-0-0\" class=\"so-panel widget widget_themegrill_flash_service tg-widget tg-single-service panel-first-child panel-last-child\" data-index=\"4\" >\n<div class=\"tg-service-widget tg-service-layout-1\">\n\t<div class=\"service-wrapper\">\n\t\t<div class=\"service-icon-title-wrapper clearfix\">\n\t\t\t\t\t\t\t\t\t<figure class=\"service-image-wrap\"><img decoding=\"async\" src=\"https:\/\/www.jsclimatizacion.cl\/wp-content\/uploads\/2021\/03\/nananaa.png\" \/><\/figure>\n\t\t\t\t\t\t\t\t\t<h3 class=\"service-title-wrap\">\n\t\t\t\t\t\t\t\t<a href=\"#\">\n\t\t\t\tMantencion\t\t\t\t\t\t\t\t<\/a>\n\t\t\t\t\t\t\t<\/h3>\n\t\t\t\t\t<\/div>\n\t\t\t\t<div class=\"service-content-wrap\">Para asegurar una climatizaci\u00f3n eficiente, recomendamos realizar una mantenci\u00f3n peri\u00f3dica cada tres meses. Contrata nuestros servicios de mantenci\u00f3n preventiva para garantizar el rendimiento de tus equipos en el largo plazo.<\/div>\n\t\t\t\t\t\t<a class=\"service-more\" href=\"#\">Read More<\/a>\n\t\t\t<\/div>\n<\/div>\n<\/div><\/div><div id=\"pgc-w62851db7ae2de-2-1\"  class=\"panel-grid-cell\" ><div id=\"panel-w62851db7ae2de-2-1-0\" class=\"so-panel widget widget_themegrill_flash_service tg-widget tg-single-service panel-first-child panel-last-child\" data-index=\"5\" >\n<div class=\"tg-service-widget tg-service-layout-1\">\n\t<div class=\"service-wrapper\">\n\t\t<div class=\"service-icon-title-wrapper clearfix\">\n\t\t\t\t\t\t\t\t\t<figure class=\"service-image-wrap\"><img decoding=\"async\" src=\"https:\/\/www.jsclimatizacion.cl\/wp-content\/uploads\/2021\/03\/alallalal.png\" \/><\/figure>\n\t\t\t\t\t\t\t\t\t<h3 class=\"service-title-wrap\">\n\t\t\t\t\t\t\t\t<a href=\"#\">\n\t\t\t\tINSTALACION\t\t\t\t\t\t\t\t<\/a>\n\t\t\t\t\t\t\t<\/h3>\n\t\t\t\t\t<\/div>\n\t\t\t\t<div class=\"service-content-wrap\">Realizamos todo tipo de instalaciones. Contamos con gran experiencia en todo el rango de productos relacionados con la climatizaci\u00f3n. Implementamos desde equipos Split Muro para tu hogar hasta equipos de envergadura Industrial para tus proyectos.<\/div>\n\t\t\t\t\t\t<a class=\"service-more\" href=\"#\">Read More<\/a>\n\t\t\t<\/div>\n<\/div>\n<\/div><\/div><div id=\"pgc-w62851db7ae2de-2-2\"  class=\"panel-grid-cell\" ><div id=\"panel-w62851db7ae2de-2-2-0\" class=\"so-panel widget widget_themegrill_flash_service tg-widget tg-single-service panel-first-child panel-last-child\" data-index=\"6\" >\n<div class=\"tg-service-widget tg-service-layout-1\">\n\t<div class=\"service-wrapper\">\n\t\t<div class=\"service-icon-title-wrapper clearfix\">\n\t\t\t\t\t\t\t\t\t<figure class=\"service-image-wrap\"><img decoding=\"async\" src=\"https:\/\/www.jsclimatizacion.cl\/wp-content\/uploads\/2021\/03\/nana-1.png\" \/><\/figure>\n\t\t\t\t\t\t\t\t\t<h3 class=\"service-title-wrap\">\n\t\t\t\t\t\t\t\t<a href=\"#\">\n\t\t\t\tREPARACION\t\t\t\t\t\t\t\t<\/a>\n\t\t\t\t\t\t\t<\/h3>\n\t\t\t\t\t<\/div>\n\t\t\t\t<div class=\"service-content-wrap\">Contamos con todas las herramientas y experiencia necesaria para darle un nuevo aire a tus equipos. Nuestro servicio de mantenci\u00f3n correctiva dejar\u00e1 tu equipo en \u00f3ptimas condiciones.\n<\/div>\n\t\t\t\t\t\t<a class=\"service-more\" href=\"#\">Read More<\/a>\n\t\t\t<\/div>\n<\/div>\n<\/div><\/div><\/div><\/div><div id=\"pg-w62851db7ae2de-3\"  class=\"panel-grid panel-has-style\" ><div class=\"panel-row-style panel-row-style-for-w62851db7ae2de-3\" ><div id=\"pgc-w62851db7ae2de-3-0\"  class=\"panel-grid-cell\" ><div id=\"panel-w62851db7ae2de-3-0-0\" class=\"so-panel widget widget_themegrill_flash_service tg-widget tg-single-service panel-first-child panel-last-child\" data-index=\"7\" >\n<div class=\"tg-service-widget tg-service-layout-1\">\n\t<div class=\"service-wrapper\">\n\t\t<div class=\"service-icon-title-wrapper clearfix\">\n\t\t\t\t\t\t\t\t\t\t\t\t<h3 class=\"service-title-wrap\">\n\t\t\t\t\t\t\t\t<a href=\"#\">\n\t\t\t\tASESORIAS\t\t\t\t\t\t\t\t<\/a>\n\t\t\t\t\t\t\t<\/h3>\n\t\t\t\t\t<\/div>\n\t\t\t\t<div class=\"service-content-wrap\">No sabes cu\u00e1l es la mejor alternativa para solucionar tus problemas de clima? Cont\u00e1ctanos para recibir asesor\u00edas de climatizaci\u00f3n residencial, comercial e industrial, de manera que puedas tomar la mejor Decisi\u00f3n\n<\/div>\n\t\t\t\t\t\t<a class=\"service-more\" href=\"#\">Read More<\/a>\n\t\t\t<\/div>\n<\/div>\n<\/div><\/div><div id=\"pgc-w62851db7ae2de-3-1\"  class=\"panel-grid-cell\" ><div id=\"panel-w62851db7ae2de-3-1-0\" class=\"so-panel widget widget_themegrill_flash_service tg-widget tg-single-service panel-first-child panel-last-child\" data-index=\"8\" >\n<div class=\"tg-service-widget tg-service-layout-1\">\n\t<div class=\"service-wrapper\">\n\t\t<div class=\"service-icon-title-wrapper clearfix\">\n\t\t\t\t\t\t\t\t\t\t\t\t<h3 class=\"service-title-wrap\">\n\t\t\t\t\t\t\t\t<a href=\"#\">\n\t\t\t\tPROYECTOS\t\t\t\t\t\t\t\t<\/a>\n\t\t\t\t\t\t\t<\/h3>\n\t\t\t\t\t<\/div>\n\t\t\t\t<div class=\"service-content-wrap\">Para desaf\u00edos de mayor complejidad ofrecemos el desarrollo integral de proyectos. Nuestra experiencia en los rubros de salud, educaci\u00f3n y comercial, avala la calidad de nuestras soluciones.<\/div>\n\t\t\t\t\t\t<a class=\"service-more\" href=\"#\">Read More<\/a>\n\t\t\t<\/div>\n<\/div>\n<\/div><\/div><div id=\"pgc-w62851db7ae2de-3-2\"  class=\"panel-grid-cell\" ><div id=\"panel-w62851db7ae2de-3-2-0\" class=\"so-panel widget widget_themegrill_flash_service tg-widget tg-single-service panel-first-child panel-last-child\" data-index=\"9\" >\n<div class=\"tg-service-widget tg-service-layout-1\">\n\t<div class=\"service-wrapper\">\n\t\t<div class=\"service-icon-title-wrapper clearfix\">\n\t\t\t\t\t\t\t\t\t\t\t\t<h3 class=\"service-title-wrap\">\n\t\t\t\t\t\t\t\t<a href=\"#\">\n\t\t\t\tDesmontaje\t\t\t\t\t\t\t\t<\/a>\n\t\t\t\t\t\t\t<\/h3>\n\t\t\t\t\t<\/div>\n\t\t\t\t<div class=\"service-content-wrap\">Si deseas retirar, trasladar o reemplazar un equipo, podemos realizar el trabajo de desmontaje poniendo especial cuidado en los espacios intervenidos y asegurando una cuidadosa manipulaci\u00f3n del l\u00edquido refrigerante y conexiones el\u00e9ctricas.<\/div>\n\t\t\t\t\t\t<a class=\"service-more\" href=\"#\">Read More<\/a>\n\t\t\t<\/div>\n<\/div>\n<\/div><\/div><\/div><\/div><\/div><\/div><\/div><\/div><\/div><div id=\"pg-136-1\"  class=\"panel-grid panel-has-style\" ><div class=\"siteorigin-panels-stretch panel-row-style panel-row-style-for-136-1\" data-stretch-type=\"full\" ><div id=\"pgc-136-1-0\"  class=\"panel-grid-cell\" ><div id=\"panel-136-1-0-0\" class=\"so-panel widget widget_text panel-first-child panel-last-child\" data-index=\"1\" ><div class=\"flash_inherit_color panel-widget-style panel-widget-style-for-136-1-0-0\" ><h3 class=\"widget-title\">Por que debe de elegirnos<\/h3>\t\t\t<div class=\"textwidget\"><p>Somos una empresa que busca<\/p>\n<\/div>\n\t\t<\/div><\/div><\/div><div id=\"pgc-136-1-1\"  class=\"panel-grid-cell\" ><div id=\"panel-136-1-1-0\" class=\"so-panel widget widget_themegrill_flash_counter tg-widget tg-single-counter panel-first-child panel-last-child\" data-index=\"2\" ><div class=\"flash_inherit_color panel-widget-style panel-widget-style-for-136-1-1-0\" ><div class=\"fun-facts-section\">\n\t<div class=\"tg-fun-facts-widget tg-fun-facts-layout-2\">\n\t\t<div class=\"fun-facts-wrapper\">\n\t\t\t\t\t\t\t\t\t<span class=\"counter-wrapper\"><span class=\"counter\">468<\/span><i class=\"fa fa-plus\"><\/i><\/span>\n\t\t\t\t\t\t\t\t\t<h3 class=\"fun-facts-title-wrap\">Project Completed<\/h3>\n\t\t\t\t\t<\/div>\n\t<\/div>\n<\/div>\n<\/div><\/div><\/div><div id=\"pgc-136-1-2\"  class=\"panel-grid-cell\" ><div id=\"panel-136-1-2-0\" class=\"so-panel widget widget_themegrill_flash_counter tg-widget tg-single-counter panel-first-child panel-last-child\" data-index=\"3\" ><div class=\"flash_inherit_color panel-widget-style panel-widget-style-for-136-1-2-0\" ><div class=\"fun-facts-section\">\n\t<div class=\"tg-fun-facts-widget tg-fun-facts-layout-2\">\n\t\t<div class=\"fun-facts-wrapper\">\n\t\t\t\t\t\t\t\t\t<span class=\"counter-wrapper\"><span class=\"counter\">468<\/span><i class=\"fa fa-plus\"><\/i><\/span>\n\t\t\t\t\t\t\t\t\t<h3 class=\"fun-facts-title-wrap\">Project Completed<\/h3>\n\t\t\t\t\t<\/div>\n\t<\/div>\n<\/div>\n<\/div><\/div><\/div><div id=\"pgc-136-1-3\"  class=\"panel-grid-cell\" ><div id=\"panel-136-1-3-0\" class=\"so-panel widget widget_themegrill_flash_counter tg-widget tg-single-counter panel-first-child panel-last-child\" data-index=\"4\" ><div class=\"flash_inherit_color panel-widget-style panel-widget-style-for-136-1-3-0\" ><div class=\"fun-facts-section\">\n\t<div class=\"tg-fun-facts-widget tg-fun-facts-layout-2\">\n\t\t<div class=\"fun-facts-wrapper\">\n\t\t\t\t\t\t\t\t\t<span class=\"counter-wrapper\"><span class=\"counter\">7809<\/span><i class=\"fa fa-plus\"><\/i><\/span>\n\t\t\t\t\t\t\t\t\t<h3 class=\"fun-facts-title-wrap\">Hours Of Work<\/h3>\n\t\t\t\t\t<\/div>\n\t<\/div>\n<\/div>\n<\/div><\/div><\/div><\/div><\/div><\/div>","protected":false},"excerpt":{"rendered":"<p>Somos una empresa que busca<\/p>\n","protected":false},"author":1,"featured_media":0,"parent":0,"menu_order":0,"comment_status":"closed","ping_status":"closed","template":"page-templates\/pagebuilder.php","meta":{"footnotes":""},"class_list":["post-136","page","type-page","status-publish","hentry"],"_links":{"self":[{"href":"https:\/\/www.jsclimatizacion.cl\/index.php?rest_route=\/wp\/v2\/pages\/136","targetHints":{"allow":["GET"]}}],"collection":[{"href":"https:\/\/www.jsclimatizacion.cl\/index.php?rest_route=\/wp\/v2\/pages"}],"about":[{"href":"https:\/\/www.jsclimatizacion.cl\/index.php?rest_route=\/wp\/v2\/types\/page"}],"author":[{"embeddable":true,"href":"https:\/\/www.jsclimatizacion.cl\/index.php?rest_route=\/wp\/v2\/users\/1"}],"replies":[{"embeddable":true,"href":"https:\/\/www.jsclimatizacion.cl\/index.php?rest_route=%2Fwp%2Fv2%2Fcomments&post=136"}],"version-history":[{"count":17,"href":"https:\/\/www.jsclimatizacion.cl\/index.php?rest_route=\/wp\/v2\/pages\/136\/revisions"}],"predecessor-version":[{"id":297,"href":"https:\/\/www.jsclimatizacion.cl\/index.php?rest_route=\/wp\/v2\/pages\/136\/revisions\/297"}],"wp:attachment":[{"href":"https:\/\/www.jsclimatizacion.cl\/index.php?rest_route=%2Fwp%2Fv2%2Fmedia&parent=136"}],"curies":[{"name":"wp","href":"https:\/\/api.w.org\/{rel}","templated":true}]}}