{"id":135,"date":"2017-01-30T03:39:36","date_gmt":"2017-01-30T03:39:36","guid":{"rendered":"https:\/\/demo.themegrill.com\/flash-construction-2\/?page_id=8"},"modified":"2021-03-11T18:40:02","modified_gmt":"2021-03-11T18:40:02","slug":"about","status":"publish","type":"page","link":"https:\/\/www.jsclimatizacion.cl\/?page_id=135","title":{"rendered":"sobre"},"content":{"rendered":"<div id=\"pl-135\"  class=\"panel-layout\" ><div id=\"pg-135-0\"  class=\"panel-grid panel-has-style\" ><div class=\"so-parallax siteorigin-panels-stretch panel-row-style panel-row-style-for-135-0\" data-stretch-type=\"full\" ><img src=https:\/\/www.jsclimatizacion.cl\/wp-content\/uploads\/2017\/01\/background-2.jpg data-siteorigin-parallax=\"true\"><div id=\"pgc-135-0-0\"  class=\"panel-grid-cell\" ><div id=\"panel-135-0-0-0\" class=\"so-panel widget widget_siteorigin-panels-builder panel-first-child panel-last-child\" data-index=\"0\" ><div id=\"pl-w604a22664303e\"  class=\"panel-layout\" ><div id=\"pg-w604a22664303e-0\"  class=\"panel-grid panel-no-style\" ><div id=\"pgc-w604a22664303e-0-0\"  class=\"panel-grid-cell\" ><div id=\"panel-w604a22664303e-0-0-0\" class=\"so-panel widget widget_text panel-first-child panel-last-child\" data-index=\"0\" ><h3 class=\"widget-title\">JS Ingenier\u00eda SPA<\/h3>\t\t\t<div class=\"textwidget\"><p> JS Ingenier\u00eda SPA. es una compa\u00f1\u00eda , emprendedora y proactiva que est\u00e1 comprometida en la prestaci\u00f3n de servicio de mantenimiento, montaje, suministro y reparaci\u00f3n de los sistemas de aire acondicionado, ventilaci\u00f3n y refrigeraci\u00f3n industrial y comercial. Contamos con equipo humano competente que brinda a nuestros clientes confiabilidad, calidad y garant\u00eda en nuestros productos y servicios. <\/p><\/div>\n\t\t<\/div><\/div><\/div><div id=\"pg-w604a22664303e-1\"  class=\"panel-grid panel-no-style\" ><div id=\"pgc-w604a22664303e-1-0\"  class=\"panel-grid-cell\" ><div id=\"panel-w604a22664303e-1-0-0\" class=\"so-panel widget widget_themegrill_flash_image tg-widget tg-image-widget panel-first-child\" data-index=\"1\" >\t<img decoding=\"async\" src=\"https:\/\/www.jsclimatizacion.cl\/wp-content\/uploads\/2021\/03\/Mesa-de-trabajo-1.png\" \/>\n<\/div><div id=\"panel-w604a22664303e-1-0-1\" class=\"so-panel widget widget_themegrill_flash_image tg-widget tg-image-widget panel-last-child\" data-index=\"2\" ><div class=\"panel-widget-style panel-widget-style-for-w604a22664303e-1-0-1\" >\t<img decoding=\"async\" src=\"https:\/\/www.jsclimatizacion.cl\/wp-content\/uploads\/2021\/03\/Mesa-de-trabajo-3.png\" \/>\n<\/div><\/div><\/div><div id=\"pgc-w604a22664303e-1-1\"  class=\"panel-grid-cell\" ><div id=\"panel-w604a22664303e-1-1-0\" class=\"so-panel widget widget_themegrill_flash_image tg-widget tg-image-widget panel-first-child panel-last-child\" data-index=\"3\" >\t<img decoding=\"async\" src=\"https:\/\/www.jsclimatizacion.cl\/wp-content\/uploads\/2021\/03\/Mesa-de-trabajo-2.png\" \/>\n<\/div><\/div><\/div><div id=\"pg-w604a22664303e-2\"  class=\"panel-grid panel-has-style\" ><div class=\"panel-row-style panel-row-style-for-w604a22664303e-2\" ><div id=\"pgc-w604a22664303e-2-0\"  class=\"panel-grid-cell\" ><div id=\"panel-w604a22664303e-2-0-0\" class=\"so-panel widget widget_text panel-first-child panel-last-child\" data-index=\"4\" ><h3 class=\"widget-title\">Nuestros Valores como JS Ingenier\u00eda SPA:<\/h3>\t\t\t<div class=\"textwidget\"><p> \nCALIDAD DE SERVICIO: demostrado en la forma de atenci\u00f3n a los clientes, donde el \u00e9nfasis est\u00e1 en dejar todo instalado como corresponde, sin cables a la vista y sin suciedad en el lugar de trabajo.\n\nTRABAJO EN EQUIPO:\u00a0Trabajar en conjunto para el intercambio de conocimientos, competencias y efectividad y lograr los objetivos personales y de la empresa.\n\nRESPONSABILIDAD:\u00a0Ser capaces de asumir el trabajo y hacerlo bien, compartiendo la visi\u00f3n, la misi\u00f3n, los objetivos y los valores de la empresa, dando lo mejor de nosotros mismos, con perseverancia, iniciativa, creatividad, calidad, autonom\u00eda y control de nuestro propio trabajo, con orientaci\u00f3n plena a la satisfacci\u00f3n del cliente, interno y externo.\n\nRESPETO:\u00a0Brindarles buen trato a los trabajadores, clientes y proveedores <\/p>\n<\/div>\n\t\t<\/div><\/div><\/div><\/div><div id=\"pg-w604a22664303e-3\"  class=\"panel-grid panel-no-style\" ><div id=\"pgc-w604a22664303e-3-0\"  class=\"panel-grid-cell\" ><div id=\"panel-w604a22664303e-3-0-0\" class=\"so-panel widget widget_themegrill_flash_service tg-widget tg-single-service panel-first-child panel-last-child\" data-index=\"5\" >\n<div class=\"tg-service-widget tg-service-layout-1\">\n\t<div class=\"service-wrapper\">\n\t\t<div class=\"service-icon-title-wrapper clearfix\">\n\t\t\t\t\t\t\t\t\t<figure class=\"service-image-wrap\"><img decoding=\"async\" src=\"https:\/\/www.jsclimatizacion.cl\/wp-content\/uploads\/2021\/03\/JSSPA.png\" \/><\/figure>\n\t\t\t\t\t\t\t\t\t<h3 class=\"service-title-wrap\">\n\t\t\t\t\t\t\t\t<a href=\"#\">\n\t\t\t\tNuestra Misi\u00f3n\t\t\t\t\t\t\t\t<\/a>\n\t\t\t\t\t\t\t<\/h3>\n\t\t\t\t\t<\/div>\n\t\t\t\t<div class=\"service-content-wrap\">\nNos dedicamos a la ejecuci\u00f3n de diversos  proyectos, mantenci\u00f3n y servicio t\u00e9cnico de sistemas de climatizaci\u00f3n. Tenemos un fuerte compromiso con la calidad de nuestros trabajos para as\u00ed entregar una grata experiencia a nuestros clientes y cumplir con sus est\u00e1ndares de calidad.<\/div>\n\t\t\t\t\t\t<a class=\"service-more\" href=\"#\">Read More<\/a>\n\t\t\t<\/div>\n<\/div>\n<\/div><\/div><div id=\"pgc-w604a22664303e-3-1\"  class=\"panel-grid-cell\" ><div id=\"panel-w604a22664303e-3-1-0\" class=\"so-panel widget widget_themegrill_flash_service tg-widget tg-single-service panel-first-child panel-last-child\" data-index=\"6\" >\n<div class=\"tg-service-widget tg-service-layout-1\">\n\t<div class=\"service-wrapper\">\n\t\t<div class=\"service-icon-title-wrapper clearfix\">\n\t\t\t\t\t\t\t\t\t<figure class=\"service-image-wrap\"><img decoding=\"async\" src=\"https:\/\/www.jsclimatizacion.cl\/wp-content\/uploads\/2021\/03\/JSSPA-2.png\" \/><\/figure>\n\t\t\t\t\t\t\t\t\t<h3 class=\"service-title-wrap\">\n\t\t\t\t\t\t\t\t<a href=\"#\">\n\t\t\t\tNuestra Vision\t\t\t\t\t\t\t\t<\/a>\n\t\t\t\t\t\t\t<\/h3>\n\t\t\t\t\t<\/div>\n\t\t\t\t<div class=\"service-content-wrap\">Posicionarnos como empresa de climatizaci\u00f3n proactiva, en busca de ir  implementando  nuevas estrategias que nos permitan mantenernos a la vanguardia en el mercado nacional, destac\u00e1ndonos siempre como una compa\u00f1\u00eda con s\u00f3lidos compromisos y confiable para nuestros clientes.<\/div>\n\t\t\t\t\t\t<a class=\"service-more\" href=\"#\">Read More<\/a>\n\t\t\t<\/div>\n<\/div>\n<\/div><\/div><\/div><div id=\"pg-w604a22664303e-4\"  class=\"panel-grid panel-no-style\" ><div id=\"pgc-w604a22664303e-4-0\"  class=\"panel-grid-cell panel-grid-cell-empty\" ><\/div><\/div><div id=\"pg-w604a22664303e-5\"  class=\"panel-grid panel-no-style\" ><div id=\"pgc-w604a22664303e-5-0\"  class=\"panel-grid-cell panel-grid-cell-empty\" ><\/div><div id=\"pgc-w604a22664303e-5-1\"  class=\"panel-grid-cell panel-grid-cell-empty panel-grid-cell-mobile-last\" ><\/div><div id=\"pgc-w604a22664303e-5-2\"  class=\"panel-grid-cell panel-grid-cell-empty\" ><\/div><\/div><\/div><\/div><\/div><\/div><\/div><div id=\"pg-135-1\"  class=\"panel-grid panel-has-style\" ><div class=\"siteorigin-panels-stretch panel-row-style panel-row-style-for-135-1\" data-stretch-type=\"full\" ><div id=\"pgc-135-1-0\"  class=\"panel-grid-cell\" ><div id=\"panel-135-1-0-0\" class=\"so-panel widget widget_themegrill_flash_cta tg-widget call-to-action-section panel-first-child panel-last-child\" data-index=\"1\" ><div class=\"panel-widget-style panel-widget-style-for-135-1-0-0\" ><div class=\"cta-wrapper call-to-action-section-layout-2\">\n\t<div class=\"section-title-wrapper\">\n\t\t\t\t<h3 class=\"section-title\">Listo para ser nuestro cliente?<\/h3>\n\t\t\t<\/div>\n\t\t<div class=\"btn-wrapper\">\n\t\t\t\t<a class=\"btn\" href=\"https:\/\/themegrilldemos.com\/flash-construction-v2\/contact\/\">Contactanos<\/a>\n\t\t\t\t\t<\/div>\n\t<\/div>\n<\/div><\/div><\/div><\/div><\/div><\/div>","protected":false},"excerpt":{"rendered":"<p>JS Ingenier\u00eda SPA JS Ingenier\u00eda SPA. es una compa\u00f1\u00eda , emprendedora y proactiva que est\u00e1 comprometida en la prestaci\u00f3n de [&hellip;]<\/p>\n","protected":false},"author":1,"featured_media":0,"parent":0,"menu_order":0,"comment_status":"closed","ping_status":"closed","template":"page-templates\/pagebuilder.php","meta":{"footnotes":""},"class_list":["post-135","page","type-page","status-publish","hentry"],"_links":{"self":[{"href":"https:\/\/www.jsclimatizacion.cl\/index.php?rest_route=\/wp\/v2\/pages\/135","targetHints":{"allow":["GET"]}}],"collection":[{"href":"https:\/\/www.jsclimatizacion.cl\/index.php?rest_route=\/wp\/v2\/pages"}],"about":[{"href":"https:\/\/www.jsclimatizacion.cl\/index.php?rest_route=\/wp\/v2\/types\/page"}],"author":[{"embeddable":true,"href":"https:\/\/www.jsclimatizacion.cl\/index.php?rest_route=\/wp\/v2\/users\/1"}],"replies":[{"embeddable":true,"href":"https:\/\/www.jsclimatizacion.cl\/index.php?rest_route=%2Fwp%2Fv2%2Fcomments&post=135"}],"version-history":[{"count":11,"href":"https:\/\/www.jsclimatizacion.cl\/index.php?rest_route=\/wp\/v2\/pages\/135\/revisions"}],"predecessor-version":[{"id":206,"href":"https:\/\/www.jsclimatizacion.cl\/index.php?rest_route=\/wp\/v2\/pages\/135\/revisions\/206"}],"wp:attachment":[{"href":"https:\/\/www.jsclimatizacion.cl\/index.php?rest_route=%2Fwp%2Fv2%2Fmedia&parent=135"}],"curies":[{"name":"wp","href":"https:\/\/api.w.org\/{rel}","templated":true}]}}